{"id":273,"date":"2023-02-07T13:02:53","date_gmt":"2023-02-07T16:02:53","guid":{"rendered":"https:\/\/siaco.com.ar\/?page_id=273"},"modified":"2025-07-14T10:56:52","modified_gmt":"2025-07-14T13:56:52","slug":"comercial","status":"publish","type":"page","link":"https:\/\/siaco.com.ar\/?page_id=273","title":{"rendered":"Comercial"},"content":{"rendered":"<p>[et_pb_section fb_built=&#8221;1&#8243; _builder_version=&#8221;4.19.4&#8243; _module_preset=&#8221;default&#8221; use_background_color_gradient=&#8221;on&#8221; background_color_gradient_direction=&#8221;110deg&#8221; background_color_gradient_stops=&#8221;#FFFFFF 19%|rgba(255,255,255,0) 100%&#8221; background_image=&#8221;https:\/\/siaco.com.ar\/wp-content\/uploads\/2023\/01\/S-045-1-scaled.jpg&#8221; background_blend=&#8221;screen&#8221; custom_margin=&#8221;||||true&#8221; custom_padding=&#8221;100px||100px||true|false&#8221; global_colors_info=&#8221;{}&#8221;][et_pb_row column_structure=&#8221;3_5,2_5&#8243; _builder_version=&#8221;4.19.4&#8243; _module_preset=&#8221;default&#8221; global_colors_info=&#8221;{}&#8221;][et_pb_column type=&#8221;3_5&#8243; _builder_version=&#8221;4.19.4&#8243; _module_preset=&#8221;default&#8221; global_colors_info=&#8221;{}&#8221;][et_pb_text _builder_version=&#8221;4.19.4&#8243; _module_preset=&#8221;default&#8221; header_font=&#8221;Work Sans|700||on|||||&#8221; header_text_color=&#8221;#0d3670&#8243; custom_margin=&#8221;||13px|||&#8221; global_colors_info=&#8221;{}&#8221;]<\/p>\n<h1>En SIACO encontrar\u00e1s diferentes servicios odontol\u00f3gicos<\/h1>\n<p>[\/et_pb_text][et_pb_text _builder_version=&#8221;4.19.4&#8243; _module_preset=&#8221;default&#8221; text_font=&#8221;Work Sans||||||||&#8221; text_font_size=&#8221;15px&#8221; locked=&#8221;off&#8221; global_colors_info=&#8221;{}&#8221;]<\/p>\n<p>Prestamos, administramos y financiamos servicios odontol\u00f3gicos<\/p>\n<p>[\/et_pb_text][\/et_pb_column][et_pb_column type=&#8221;2_5&#8243; _builder_version=&#8221;4.19.4&#8243; _module_preset=&#8221;default&#8221; global_colors_info=&#8221;{}&#8221;][\/et_pb_column][\/et_pb_row][\/et_pb_section][et_pb_section fb_built=&#8221;1&#8243; custom_padding_last_edited=&#8221;on|phone&#8221; admin_label=&#8221;Links&#8221; module_id=&#8221;objetivo&#8221; _builder_version=&#8221;4.19.4&#8243; _module_preset=&#8221;default&#8221; background_image=&#8221;https:\/\/siaco.com.ar\/wp-content\/uploads\/2022\/12\/family-doctor-006.png&#8221; custom_padding=&#8221;35px||35px||true|&#8221; custom_padding_tablet=&#8221;&#8221; custom_padding_phone=&#8221;&#8221; global_colors_info=&#8221;{}&#8221;][et_pb_row _builder_version=&#8221;4.19.4&#8243; _module_preset=&#8221;default&#8221; global_colors_info=&#8221;{}&#8221;][et_pb_column type=&#8221;4_4&#8243; _builder_version=&#8221;4.19.4&#8243; _module_preset=&#8221;default&#8221; global_colors_info=&#8221;{}&#8221;][et_pb_text _builder_version=&#8221;4.19.4&#8243; _module_preset=&#8221;default&#8221; text_font=&#8221;Work Sans||||||||&#8221; header_font=&#8221;Spectral|600|||||||&#8221; header_text_color=&#8221;#000000&#8243; header_font_size=&#8221;80px&#8221; header_letter_spacing=&#8221;9px&#8221; header_line_height=&#8221;1.4em&#8221; header_3_font=&#8221;Work Sans|700||on|||||&#8221; header_3_text_align=&#8221;center&#8221; header_3_text_color=&#8221;#0d3670&#8243; header_3_font_size=&#8221;25px&#8221; width=&#8221;100%&#8221; max_width=&#8221;150%&#8221; custom_margin=&#8221;|||0vw|false|false&#8221; custom_margin_tablet=&#8221;|||0px|false|false&#8221; custom_margin_phone=&#8221;&#8221; custom_margin_last_edited=&#8221;on|tablet&#8221; animation_style=&#8221;fade&#8221; animation_duration=&#8221;1500ms&#8221; header_font_size_tablet=&#8221;40px&#8221; header_font_size_phone=&#8221;55px&#8221; header_font_size_last_edited=&#8221;on|phone&#8221; header_3_text_shadow_style=&#8221;preset3&#8243; header_3_text_shadow_blur_strength=&#8221;0.2em&#8221; header_3_text_shadow_color=&#8221;#FFFFFF&#8221; locked=&#8221;off&#8221; global_colors_info=&#8221;{}&#8221;]<\/p>\n<h3 style=\"text-align: left;\">\u00bfPor qu\u00e9 somos diferentes?<\/h3>\n<p>[\/et_pb_text][et_pb_text _builder_version=&#8221;4.19.4&#8243; _module_preset=&#8221;default&#8221; text_font=&#8221;Work Sans||||||||&#8221; header_font=&#8221;Spectral|600|||||||&#8221; header_text_color=&#8221;#000000&#8243; header_font_size=&#8221;80px&#8221; header_letter_spacing=&#8221;9px&#8221; header_line_height=&#8221;1.4em&#8221; header_3_font=&#8221;Work Sans|700||on|||||&#8221; header_3_text_align=&#8221;center&#8221; header_3_text_color=&#8221;#FFFFFF&#8221; header_3_font_size=&#8221;21px&#8221; header_3_line_height=&#8221;1.4em&#8221; background_color=&#8221;#0d3670&#8243; width=&#8221;100%&#8221; max_width=&#8221;150%&#8221; custom_margin=&#8221;|0vw||0vw|true|false&#8221; custom_margin_tablet=&#8221;|||0px|false|false&#8221; custom_margin_phone=&#8221;&#8221; custom_margin_last_edited=&#8221;on|tablet&#8221; custom_padding=&#8221;0vw||0vw|1vw|true|false&#8221; animation_style=&#8221;fade&#8221; animation_duration=&#8221;1500ms&#8221; header_font_size_tablet=&#8221;40px&#8221; header_font_size_phone=&#8221;55px&#8221; header_font_size_last_edited=&#8221;on|phone&#8221; locked=&#8221;off&#8221; global_colors_info=&#8221;{}&#8221;]<\/p>\n<h3 style=\"text-align: left;\">porque contamos con todo esto y mucho m\u00e1s para sus beneficiarios<\/h3>\n<p>[\/et_pb_text][\/et_pb_column][\/et_pb_row][et_pb_row column_structure=&#8221;1_2,1_2&#8243; _builder_version=&#8221;4.19.4&#8243; _module_preset=&#8221;default&#8221; global_colors_info=&#8221;{}&#8221;][et_pb_column type=&#8221;1_2&#8243; _builder_version=&#8221;4.19.4&#8243; _module_preset=&#8221;default&#8221; global_colors_info=&#8221;{}&#8221;][et_pb_text _builder_version=&#8221;4.19.4&#8243; _module_preset=&#8221;default&#8221; text_font=&#8221;Work Sans||||||||&#8221; text_font_size=&#8221;15px&#8221; global_colors_info=&#8221;{}&#8221;]<\/p>\n<ul>\n<li>Estructura funcional y asistencial, con m\u00e1s de 26 consultorios propios<\/li>\n<li>Trayectoria con m\u00e1s de 20 a\u00f1os de servicios sin interrumpir<\/li>\n<li>El Servicio de Guardia 24 hs m\u00e1s activo y competente del pa\u00eds<\/li>\n<li>Excelente ubicaci\u00f3n c\u00e9ntrica con gran capacidad operativa<\/li>\n<li>Confiabilidad de los principales sistemas de coberturas de salud para atenci\u00f3n integral de sus beneficiarios<\/li>\n<li>M\u00e1s de 2000 prestadores en nuestra Red, brindando atenci\u00f3n en 23 provincias<\/li>\n<li>Servicio de atenci\u00f3n de pacientes con capacidades diferenciales<\/li>\n<li>Atenci\u00f3n domiciliaria y en quir\u00f3fano con anestesia general<\/li>\n<\/ul>\n<p>[\/et_pb_text][\/et_pb_column][et_pb_column type=&#8221;1_2&#8243; _builder_version=&#8221;4.19.4&#8243; _module_preset=&#8221;default&#8221; global_colors_info=&#8221;{}&#8221;][et_pb_text _builder_version=&#8221;4.19.4&#8243; _module_preset=&#8221;default&#8221; text_font=&#8221;Work Sans||||||||&#8221; text_font_size=&#8221;15px&#8221; global_colors_info=&#8221;{}&#8221;]<\/p>\n<ul>\n<li>Organizador de eventos de capacitaci\u00f3n profesional<\/li>\n<li>Unidad Acad\u00e9mica de la Universidad Maim\u00f3nides<\/li>\n<li>Recordatorio del turno por mensaje de texto<\/li>\n<li>Centro de Im\u00e1genes &#8211; Panor\u00e1mica digital<\/li>\n<li>Financiaci\u00f3n y aranceles preferenciales en Implantes y ortodoncia<\/li>\n<\/ul>\n<p>[\/et_pb_text][\/et_pb_column][\/et_pb_row][\/et_pb_section][et_pb_section fb_built=&#8221;1&#8243; admin_label=&#8221;Testimonials&#8221; _builder_version=&#8221;4.16&#8243; _module_preset=&#8221;default&#8221; global_colors_info=&#8221;{}&#8221;][et_pb_row _builder_version=&#8221;4.16&#8243; _module_preset=&#8221;default&#8221; width_tablet=&#8221;100%&#8221; width_phone=&#8221;&#8221; width_last_edited=&#8221;on|tablet&#8221; global_colors_info=&#8221;{}&#8221;][et_pb_column type=&#8221;4_4&#8243; _builder_version=&#8221;4.16&#8243; _module_preset=&#8221;default&#8221; global_colors_info=&#8221;{}&#8221;][et_pb_image src=&#8221;https:\/\/siaco.com.ar\/wp-content\/uploads\/2022\/12\/family-doctor-icon-12-green.png&#8221; title_text=&#8221;family-doctor-icon-12-green&#8221; align=&#8221;center&#8221; _builder_version=&#8221;4.16&#8243; _module_preset=&#8221;default&#8221; width=&#8221;88px&#8221; global_colors_info=&#8221;{}&#8221;][\/et_pb_image][et_pb_slider arrows_custom_color=&#8221;#005450&#8243; dot_nav_custom_color=&#8221;#2e987d&#8221; _builder_version=&#8221;4.19.4&#8243; _module_preset=&#8221;default&#8221; header_level=&#8221;h3&#8243; header_font=&#8221;Poppins|500|||||||&#8221; header_text_color=&#8221;#005450&#8243; header_font_size=&#8221;30px&#8221; header_line_height=&#8221;1.4em&#8221; body_font=&#8221;Work Sans|500|||||||&#8221; body_text_color=&#8221;#2e987d&#8221; body_font_size=&#8221;16px&#8221; body_line_height=&#8221;2em&#8221; background_color=&#8221;rgba(0,0,0,0)&#8221; custom_padding=&#8221;0px||30px||false|false&#8221; header_font_size_tablet=&#8221;20px&#8221; header_font_size_phone=&#8221;16px&#8221; header_font_size_last_edited=&#8221;on|phone&#8221; custom_css_slide_button=&#8221;display:none;&#8221; text_shadow_style=&#8221;preset1&#8243; text_shadow_color=&#8221;rgba(0,0,0,0)&#8221; global_colors_info=&#8221;{}&#8221;][et_pb_slide heading=&#8221;%22Excelente atenci\u00f3n! Todos profesionales.%22&#8243; button_text=&#8221;Click Here&#8221; _builder_version=&#8221;4.19.2&#8243; _module_preset=&#8221;default&#8221; global_colors_info=&#8221;{}&#8221; sticky_transition=&#8221;on&#8221;]<\/p>\n<p>Gustavo Lettieri<\/p>\n<p>[\/et_pb_slide][et_pb_slide heading=&#8221;%22Odont\u00f3logos con mucha onda!.%22&#8243; button_text=&#8221;Click Here&#8221; _builder_version=&#8221;4.19.2&#8243; _module_preset=&#8221;default&#8221; global_colors_info=&#8221;{}&#8221; sticky_transition=&#8221;on&#8221;]<\/p>\n<p>Silvia Cardelli<\/p>\n<p>[\/et_pb_slide][et_pb_slide heading=&#8221;%22Excelente atenci\u00f3n!.%22&#8243; button_text=&#8221;Click Here&#8221; _builder_version=&#8221;4.19.2&#8243; _module_preset=&#8221;default&#8221; global_colors_info=&#8221;{}&#8221; sticky_transition=&#8221;on&#8221;]<\/p>\n<p>Gustavo Falc\u00f3n<\/p>\n<p>[\/et_pb_slide][\/et_pb_slider][\/et_pb_column][\/et_pb_row][\/et_pb_section][et_pb_section fb_built=&#8221;1&#8243; custom_padding_last_edited=&#8221;on|phone&#8221; admin_label=&#8221;Features&#8221; module_id=&#8221;clientes&#8221; _builder_version=&#8221;4.19.4&#8243; _module_preset=&#8221;default&#8221; background_color=&#8221;rgba(249,246,245,0.42)&#8221; use_background_color_gradient=&#8221;on&#8221; background_color_gradient_direction=&#8221;90deg&#8221; background_color_gradient_stops=&#8221;#ffffff 0%|rgba(255,255,255,0) 48%&#8221; background_color_gradient_overlays_image=&#8221;on&#8221; background_color_gradient_start=&#8221;#ffffff&#8221; background_color_gradient_end=&#8221;rgba(255,255,255,0)&#8221; background_color_gradient_end_position=&#8221;48%&#8221; background_enable_image=&#8221;off&#8221; custom_padding=&#8221;100px||||false|false&#8221; custom_padding_tablet=&#8221;60px||60px||true|false&#8221; custom_padding_phone=&#8221;30px||30px||true|false&#8221; background_last_edited=&#8221;on|tablet&#8221; use_background_color_gradient_tablet=&#8221;off&#8221; background_color_gradient_stops_tablet=&#8221;rgba(255,255,255,0.8) 0%|rgba(255,255,255,0.4) 100%&#8221; background_color_gradient_stops_phone=&#8221;rgba(255,255,255,0.8) 0%|rgba(255,255,255,0.9) 100%&#8221; background_color_gradient_overlays_image_tablet=&#8221;on&#8221; background_color_gradient_start_tablet=&#8221;rgba(255,255,255,0.8)&#8221; background_color_gradient_start_position_tablet=&#8221;0%&#8221; background_color_gradient_end_tablet=&#8221;rgba(255,255,255,0.4)&#8221; background_color_gradient_end_phone=&#8221;rgba(255,255,255,0.9)&#8221; background_color_gradient_end_position_tablet=&#8221;100%&#8221; global_colors_info=&#8221;{}&#8221;][et_pb_row _builder_version=&#8221;4.19.2&#8243; _module_preset=&#8221;default&#8221; width=&#8221;90%&#8221; max_width=&#8221;90%&#8221; global_colors_info=&#8221;{}&#8221;][et_pb_column type=&#8221;4_4&#8243; _builder_version=&#8221;4.16&#8243; _module_preset=&#8221;default&#8221; z_index=&#8221;20&#8243; custom_padding=&#8221;||60px||false|false&#8221; global_colors_info=&#8221;{}&#8221;][et_pb_text _builder_version=&#8221;4.19.4&#8243; _module_preset=&#8221;default&#8221; header_2_font=&#8221;Poppins|600|||||||&#8221; header_2_text_color=&#8221;#005450&#8243; header_2_font_size=&#8221;55px&#8221; header_2_line_height=&#8221;1.2em&#8221; header_2_font_size_tablet=&#8221;42px&#8221; header_2_font_size_phone=&#8221;24px&#8221; header_2_font_size_last_edited=&#8221;on|phone&#8221; locked=&#8221;off&#8221; global_colors_info=&#8221;{}&#8221;]<\/p>\n<h2 style=\"text-align: center;\">Empresas que confian en nosotros<\/h2>\n<p>[\/et_pb_text][dica_divi_carousel show_items_desktop=&#8221;5&#8243; multislide=&#8221;on&#8221; loop=&#8221;on&#8221; autoplay=&#8221;on&#8221; advanced_effect=&#8221;1&#8243; image_sizing=&#8221;61%&#8221; _builder_version=&#8221;4.19.4&#8243; _module_preset=&#8221;default&#8221; global_colors_info=&#8221;{}&#8221;][dica_divi_carouselitem button_url_new_window=&#8221;1&#8243; image=&#8221;https:\/\/siaco.com.ar\/wp-content\/uploads\/2023\/01\/galeno.png&#8221; _builder_version=&#8221;4.19.4&#8243; _module_preset=&#8221;default&#8221; global_colors_info=&#8221;{}&#8221;][\/dica_divi_carouselitem][dica_divi_carouselitem button_url_new_window=&#8221;1&#8243; image=&#8221;https:\/\/siaco.com.ar\/wp-content\/uploads\/2023\/01\/logo-omint-contentful.png&#8221; _builder_version=&#8221;4.19.4&#8243; _module_preset=&#8221;default&#8221; global_colors_info=&#8221;{}&#8221;][\/dica_divi_carouselitem][dica_divi_carouselitem button_url_new_window=&#8221;1&#8243; image=&#8221;https:\/\/siaco.com.ar\/wp-content\/uploads\/2023\/01\/osde-logo-2020.png&#8221; _builder_version=&#8221;4.19.4&#8243; _module_preset=&#8221;default&#8221; global_colors_info=&#8221;{}&#8221;][\/dica_divi_carouselitem][dica_divi_carouselitem button_url_new_window=&#8221;1&#8243; image=&#8221;https:\/\/siaco.com.ar\/wp-content\/uploads\/2023\/01\/os-medife-logo.png&#8221; _builder_version=&#8221;4.19.4&#8243; _module_preset=&#8221;default&#8221; global_colors_info=&#8221;{}&#8221;][\/dica_divi_carouselitem][dica_divi_carouselitem button_url_new_window=&#8221;1&#8243; image=&#8221;https:\/\/siaco.com.ar\/wp-content\/uploads\/2023\/01\/smc.png&#8221; _builder_version=&#8221;4.19.4&#8243; _module_preset=&#8221;default&#8221; global_colors_info=&#8221;{}&#8221;][\/dica_divi_carouselitem][dica_divi_carouselitem button_url_new_window=&#8221;1&#8243; image=&#8221;https:\/\/siaco.com.ar\/wp-content\/uploads\/2023\/01\/accord-salud.png&#8221; _builder_version=&#8221;4.19.4&#8243; _module_preset=&#8221;default&#8221; global_colors_info=&#8221;{}&#8221;][\/dica_divi_carouselitem][dica_divi_carouselitem button_url_new_window=&#8221;1&#8243; image=&#8221;https:\/\/siaco.com.ar\/wp-content\/uploads\/2023\/01\/assist-card-logo-new.jpg&#8221; _builder_version=&#8221;4.19.4&#8243; _module_preset=&#8221;default&#8221; global_colors_info=&#8221;{}&#8221;][\/dica_divi_carouselitem][\/dica_divi_carousel][et_pb_text _builder_version=&#8221;4.19.4&#8243; _module_preset=&#8221;default&#8221; header_font_size=&#8221;24px&#8221; header_2_font=&#8221;Poppins|600|||||||&#8221; header_2_text_color=&#8221;#005450&#8243; header_2_font_size=&#8221;36px&#8221; header_2_line_height=&#8221;1.2em&#8221; header_2_font_size_tablet=&#8221;42px&#8221; header_2_font_size_phone=&#8221;24px&#8221; header_2_font_size_last_edited=&#8221;on|phone&#8221; locked=&#8221;off&#8221; global_colors_info=&#8221;{}&#8221;]<\/p>\n<h2 style=\"text-align: center;\">As\u00ed como tambi\u00e9n<\/h2>\n<p>[\/et_pb_text][et_pb_text _builder_version=&#8221;4.19.4&#8243; _module_preset=&#8221;default&#8221; text_font=&#8221;Poppins||||||||&#8221; text_text_color=&#8221;#005450&#8243; text_font_size=&#8221;13px&#8221; width=&#8221;37%&#8221; module_alignment=&#8221;center&#8221; global_colors_info=&#8221;{}&#8221;]<\/p>\n<p style=\"text-align: center;\">Alta Complejidad Odontol\u00f3gica<\/p>\n<p style=\"text-align: center;\">Amper &#8211; Hospital Italiano<\/p>\n<p style=\"text-align: center;\">AMTCYA &#8211; Mutual del Cuero<\/p>\n<p style=\"text-align: center;\">Asociacion Mutual del Personal Jerarquico de Bcos. Oficiales Nacionales<\/p>\n<p style=\"text-align: center;\">Bristol Medicine S.A.<\/p>\n<p style=\"text-align: center;\">Caminos Protegisdos ART.<\/p>\n<p style=\"text-align: center;\">Cardinal Servicios Integrales A.A.<\/p>\n<p style=\"text-align: center;\">Coris &#8211; Asistencia al Viajero<\/p>\n<p style=\"text-align: center;\">Cover Salud S.A.<\/p>\n<p style=\"text-align: center;\">E.W. Hope<\/p>\n<p style=\"text-align: center;\">I.S.S.J.P. &#8211;\u00a0 PAMI<\/p>\n<p style=\"text-align: center;\">Ibero Asistencias S.A.<\/p>\n<p style=\"text-align: center;\">Luis Pasteur<\/p>\n<p style=\"text-align: center;\">Medical Corporative Trade S.A.<\/p>\n<p style=\"text-align: center;\">Muvendia &#8211; Mutual Vendedores de Diarios, revistas y afines<\/p>\n<p style=\"text-align: center;\">Obra Social Personal de Farmacia<\/p>\n<p style=\"text-align: center;\">Obra Social Poder Judicial De La Nacion<\/p>\n<p style=\"text-align: center;\">O.S.P.FE.S.IQ Y P (Obra Social del Peronal De La Federaci\u00f3n de Sindicatos de la Industria Qu\u00edmica Y Petroqu\u00edmica)<\/p>\n<p style=\"text-align: center;\">Obra social trabajadores Pasteleros, Confiteros, Heladeros, Pizzeros y Alfajoreros<\/p>\n<p style=\"text-align: center;\">Odontolog\u00eda Personalizada S.A.<\/p>\n<p style=\"text-align: center;\">Omint ART<\/p>\n<p style=\"text-align: center;\">Omint S.A.<\/p>\n<p style=\"text-align: center;\">OPDEA<\/p>\n<p style=\"text-align: center;\">OSBA &#8211; Obra Social bancaria Argentina<\/p>\n<p style=\"text-align: center;\">OSDIPP<\/p>\n<p style=\"text-align: center;\">OSEMM &#8211; Obra social del Personal de la Marina Mercante S.A.<\/p>\n<p style=\"text-align: center;\">OSFE &#8211; Obra Social Personal Ferroviario<\/p>\n<p style=\"text-align: center;\">OSMITA<\/p>\n<p style=\"text-align: center;\">OSPEC<\/p>\n<p style=\"text-align: center;\">OSPLA<\/p>\n<p style=\"text-align: center;\">Obra Social Personal Mar\u00edtimo<\/p>\n<p style=\"text-align: center;\">OSRJA &#8211; Obra Social Relojeros, Joyeros y Afines<\/p>\n<p style=\"text-align: center;\">OSSEG<\/p>\n<p style=\"text-align: center;\">OSSIMIRA<\/p>\n<p style=\"text-align: center;\">OSTVENDRA<\/p>\n<p style=\"text-align: center;\">PROVINCIA S.A.<\/p>\n<p style=\"text-align: center;\">Salud Plena<\/p>\n<p style=\"text-align: center;\">Servesasalud S.A.<\/p>\n<p style=\"text-align: center;\">Uni\u00f3n Personal S.A.<\/p>\n<p style=\"text-align: center;\">Vittal<\/p>\n<p>[\/et_pb_text][\/et_pb_column][\/et_pb_row][\/et_pb_section]<\/p>\n","protected":false},"excerpt":{"rendered":"<p>En SIACO encontrar\u00e1s diferentes servicios odontol\u00f3gicosPrestamos, administramos y financiamos servicios odontol\u00f3gicos\u00bfPor qu\u00e9 somos diferentes?porque contamos con todo esto y mucho m\u00e1s para sus beneficiarios Estructura funcional y asistencial, con m\u00e1s de 26 consultorios propios Trayectoria con m\u00e1s de 20 a\u00f1os de servicios sin interrumpir El Servicio de Guardia 24 hs m\u00e1s activo y competente del [&hellip;]<\/p>\n","protected":false},"author":1,"featured_media":0,"parent":0,"menu_order":0,"comment_status":"closed","ping_status":"closed","template":"","meta":{"_et_pb_use_builder":"on","_et_pb_old_content":"","_et_gb_content_width":"","footnotes":""},"class_list":["post-273","page","type-page","status-publish","hentry"],"acf":[],"_links":{"self":[{"href":"https:\/\/siaco.com.ar\/index.php?rest_route=\/wp\/v2\/pages\/273","targetHints":{"allow":["GET"]}}],"collection":[{"href":"https:\/\/siaco.com.ar\/index.php?rest_route=\/wp\/v2\/pages"}],"about":[{"href":"https:\/\/siaco.com.ar\/index.php?rest_route=\/wp\/v2\/types\/page"}],"author":[{"embeddable":true,"href":"https:\/\/siaco.com.ar\/index.php?rest_route=\/wp\/v2\/users\/1"}],"replies":[{"embeddable":true,"href":"https:\/\/siaco.com.ar\/index.php?rest_route=%2Fwp%2Fv2%2Fcomments&post=273"}],"version-history":[{"count":9,"href":"https:\/\/siaco.com.ar\/index.php?rest_route=\/wp\/v2\/pages\/273\/revisions"}],"predecessor-version":[{"id":323,"href":"https:\/\/siaco.com.ar\/index.php?rest_route=\/wp\/v2\/pages\/273\/revisions\/323"}],"wp:attachment":[{"href":"https:\/\/siaco.com.ar\/index.php?rest_route=%2Fwp%2Fv2%2Fmedia&parent=273"}],"curies":[{"name":"wp","href":"https:\/\/api.w.org\/{rel}","templated":true}]}}